{"id":6682,"date":"2023-11-22T19:46:31","date_gmt":"2023-11-22T19:46:31","guid":{"rendered":"https:\/\/scala-immobilien.ch\/old-site\/?page_id=6682"},"modified":"2024-03-14T09:31:19","modified_gmt":"2024-03-14T09:31:19","slug":"blog-2","status":"publish","type":"page","link":"https:\/\/scala-immobilien.ch\/old-site\/blog-2\/","title":{"rendered":"Blog"},"content":{"rendered":"\t\t<div data-elementor-type=\"wp-page\" data-elementor-id=\"6682\" class=\"elementor elementor-6682\" data-elementor-post-type=\"page\">\n\t\t\t\t<div class=\"elementor-element elementor-element-e422e12 e-flex e-con-boxed e-con e-parent\" data-id=\"e422e12\" data-element_type=\"container\">\n\t\t\t\t\t<div class=\"e-con-inner\">\n\t\t\t\t<div class=\"elementor-element elementor-element-d79b050 elementor-widget elementor-widget-hendon_core_section_title\" data-id=\"d79b050\" data-element_type=\"widget\" data-widget_type=\"hendon_core_section_title.default\">\n\t\t\t\t<div class=\"elementor-widget-container\">\n\t\t\t\t\t<div class=\"qodef-shortcode qodef-m  qodef-section-title qodef-alignment--center \">\n\t\t<h2 class=\"qodef-m-title\" >\n\t\t\t\t\tUnser Blog\t\t\t<\/h2>\n\t\t<p class=\"qodef-m-text\" >Bleiben Sie mit uns immer auf dem neusten Stand.<\/p>\n<\/div>\t\t\t\t<\/div>\n\t\t\t\t<\/div>\n\t\t\t\t\t<\/div>\n\t\t\t\t<\/div>\n\t\t<div class=\"elementor-element elementor-element-3f47e9f e-con-full e-flex e-con e-parent\" data-id=\"3f47e9f\" data-element_type=\"container\">\n\t\t<div class=\"elementor-element elementor-element-764003c e-con-full e-flex e-con e-child\" data-id=\"764003c\" data-element_type=\"container\">\n\t\t\t\t<\/div>\n\t\t\t\t<\/div>\n\t\t<div class=\"elementor-element elementor-element-7af2016 e-flex e-con-boxed e-con e-parent\" data-id=\"7af2016\" data-element_type=\"container\">\n\t\t\t\t\t<div class=\"e-con-inner\">\n\t\t\t\t<div class=\"elementor-element elementor-element-29929a1 elementor-widget elementor-widget-spacer\" data-id=\"29929a1\" data-element_type=\"widget\" data-widget_type=\"spacer.default\">\n\t\t\t\t<div class=\"elementor-widget-container\">\n\t\t\t\t\t\t\t<div class=\"elementor-spacer\">\n\t\t\t<div class=\"elementor-spacer-inner\"><\/div>\n\t\t<\/div>\n\t\t\t\t\t\t<\/div>\n\t\t\t\t<\/div>\n\t\t\t\t\t<\/div>\n\t\t\t\t<\/div>\n\t\t\t\t<\/div>\n\t\t","protected":false},"excerpt":{"rendered":"<p>Unser Blog Bleiben Sie mit uns immer auf dem neusten Stand. Gibswil 8498 ZH Fischenthal 8497 ZH Steg im T\u00f6sstal ZH Fehraltorf 8320ZH Erlenbach 8703 ZH Umbau EFH Tann ZH Embrach 8424 ZH Elgg 8353 ZH Esslingen 8133 ZH Egg bei Z\u00fcrich 8132 ZH D\u00fcrnten 8635 ZH Tann 8632 ZH Schwerzenbach 8603 ZH Hirzenbach 8051 [&hellip;]<\/p>\n","protected":false},"author":2,"featured_media":0,"parent":0,"menu_order":0,"comment_status":"closed","ping_status":"closed","template":"page-full-width.php","meta":{"_acf_changed":false,"footnotes":""},"class_list":["post-6682","page","type-page","status-publish","hentry"],"acf":[],"_links":{"self":[{"href":"https:\/\/scala-immobilien.ch\/old-site\/wp-json\/wp\/v2\/pages\/6682","targetHints":{"allow":["GET"]}}],"collection":[{"href":"https:\/\/scala-immobilien.ch\/old-site\/wp-json\/wp\/v2\/pages"}],"about":[{"href":"https:\/\/scala-immobilien.ch\/old-site\/wp-json\/wp\/v2\/types\/page"}],"author":[{"embeddable":true,"href":"https:\/\/scala-immobilien.ch\/old-site\/wp-json\/wp\/v2\/users\/2"}],"replies":[{"embeddable":true,"href":"https:\/\/scala-immobilien.ch\/old-site\/wp-json\/wp\/v2\/comments?post=6682"}],"version-history":[{"count":7,"href":"https:\/\/scala-immobilien.ch\/old-site\/wp-json\/wp\/v2\/pages\/6682\/revisions"}],"predecessor-version":[{"id":13077,"href":"https:\/\/scala-immobilien.ch\/old-site\/wp-json\/wp\/v2\/pages\/6682\/revisions\/13077"}],"wp:attachment":[{"href":"https:\/\/scala-immobilien.ch\/old-site\/wp-json\/wp\/v2\/media?parent=6682"}],"curies":[{"name":"wp","href":"https:\/\/api.w.org\/{rel}","templated":true}]}}