{"id":8809,"date":"2023-11-22T19:46:31","date_gmt":"2023-11-22T19:46:31","guid":{"rendered":"https:\/\/scala-immobilien.ch\/old-site\/blog\/"},"modified":"2023-12-11T17:56:14","modified_gmt":"2023-12-11T17:56:14","slug":"blog","status":"publish","type":"page","link":"https:\/\/scala-immobilien.ch\/old-site\/blog\/","title":{"rendered":"Blog"},"content":{"rendered":"\t\t<div data-elementor-type=\"wp-page\" data-elementor-id=\"8809\" class=\"elementor elementor-8809\" data-elementor-post-type=\"page\">\n\t\t\t\t<div class=\"elementor-element elementor-element-e422e12 e-flex e-con-boxed e-con e-parent\" data-id=\"e422e12\" data-element_type=\"container\">\n\t\t\t\t\t<div class=\"e-con-inner\">\n\t\t\t\t<div class=\"elementor-element elementor-element-d79b050 elementor-widget elementor-widget-hendon_core_section_title\" data-id=\"d79b050\" data-element_type=\"widget\" data-widget_type=\"hendon_core_section_title.default\">\n\t\t\t\t<div class=\"elementor-widget-container\">\n\t\t\t\t\t<div class=\"qodef-shortcode qodef-m  qodef-section-title qodef-alignment--center \">\n\t\t<h2 class=\"qodef-m-title\" >\n\t\t\t\t\tOur blog\t\t\t<\/h2>\n\t\t<p class=\"qodef-m-text\" >Always stay up to date with us.<\/p>\n<\/div>\t\t\t\t<\/div>\n\t\t\t\t<\/div>\n\t\t\t\t\t<\/div>\n\t\t\t\t<\/div>\n\t\t<div class=\"elementor-element elementor-element-8a06de8 e-flex e-con-boxed e-con e-parent\" data-id=\"8a06de8\" data-element_type=\"container\">\n\t\t\t\t\t<div class=\"e-con-inner\">\n\t\t\t\t\t<\/div>\n\t\t\t\t<\/div>\n\t\t\t\t<\/div>\n\t\t","protected":false},"excerpt":{"rendered":"<p>Our blog Always stay up to date with us. Optimale Helligkeit Lebensabend zuhause Geb\u00e4udezustand Dichte Geb\u00e4udeh\u00fclle VerkehrswertMeth.<\/p>\n","protected":false},"author":2,"featured_media":0,"parent":0,"menu_order":0,"comment_status":"closed","ping_status":"closed","template":"page-full-width.php","meta":{"_acf_changed":false,"footnotes":""},"class_list":["post-8809","page","type-page","status-publish","hentry"],"acf":[],"_links":{"self":[{"href":"https:\/\/scala-immobilien.ch\/old-site\/wp-json\/wp\/v2\/pages\/8809","targetHints":{"allow":["GET"]}}],"collection":[{"href":"https:\/\/scala-immobilien.ch\/old-site\/wp-json\/wp\/v2\/pages"}],"about":[{"href":"https:\/\/scala-immobilien.ch\/old-site\/wp-json\/wp\/v2\/types\/page"}],"author":[{"embeddable":true,"href":"https:\/\/scala-immobilien.ch\/old-site\/wp-json\/wp\/v2\/users\/2"}],"replies":[{"embeddable":true,"href":"https:\/\/scala-immobilien.ch\/old-site\/wp-json\/wp\/v2\/comments?post=8809"}],"version-history":[{"count":0,"href":"https:\/\/scala-immobilien.ch\/old-site\/wp-json\/wp\/v2\/pages\/8809\/revisions"}],"wp:attachment":[{"href":"https:\/\/scala-immobilien.ch\/old-site\/wp-json\/wp\/v2\/media?parent=8809"}],"curies":[{"name":"wp","href":"https:\/\/api.w.org\/{rel}","templated":true}]}}